{"id":297,"date":"2024-09-25T14:03:48","date_gmt":"2024-09-25T12:03:48","guid":{"rendered":"https:\/\/silki-couture.fr\/index.php\/our-courses\/"},"modified":"2025-08-06T16:01:11","modified_gmt":"2025-08-06T14:01:11","slug":"cours","status":"publish","type":"page","link":"https:\/\/silki-couture.fr\/index.php\/cours\/","title":{"rendered":"Cours"},"content":{"rendered":"\t\t<div data-elementor-type=\"wp-page\" data-elementor-id=\"297\" class=\"elementor elementor-297\" data-elementor-post-type=\"page\">\n\t\t\t\t<div class=\"elementor-element elementor-element-613136cd e-flex e-con-boxed lakit-col-width-auto-no e-container e-root-container elementor-top-section e-con e-parent\" data-id=\"613136cd\" data-element_type=\"container\" data-settings=\"{&quot;background_background&quot;:&quot;classic&quot;}\">\n\t\t\t\t\t<div class=\"e-con-inner\">\n\t\t\t\t<div class=\"elementor-element elementor-element-0ac63ee elementor-widget elementor-widget-heading\" data-id=\"0ac63ee\" data-element_type=\"widget\" data-widget_type=\"heading.default\">\n\t\t\t\t<div class=\"elementor-widget-container\">\n\t\t\t<h2 class=\"elementor-heading-title elementor-size-default\">cours<\/h2>\t\t<\/div>\n\t\t\t\t<\/div>\n\t\t\t\t<div class=\"elementor-element elementor-element-1740f24c elementor-invisible elementor-widget elementor-widget-text-editor\" data-id=\"1740f24c\" data-element_type=\"widget\" data-settings=\"{&quot;_animation&quot;:&quot;fadeIn&quot;}\" data-widget_type=\"text-editor.default\">\n\t\t\t\t<div class=\"elementor-widget-container\">\n\t\t\t\t\t\t\t<p>Pour les particuliers, avec vos enfants ou en petit groupe, des cours qui s\u2019adaptent \u00e0 chacun d\u2019entre vous<\/p>\t\t\t\t\t\t<\/div>\n\t\t\t\t<\/div>\n\t\t\t\t<div class=\"elementor-element elementor-element-816dd50 enable-c-height-true bannerlist--preset-default lakit-arrow--showonhover-no lakit-dots--vertical-no elementor-invisible elementor-widget lastudio-kit elementor-lakit-banner-list\" data-id=\"816dd50\" data-element_type=\"widget\" data-settings=\"{&quot;_animation&quot;:&quot;fadeIn&quot;}\" data-widget_type=\"lakit-banner-list.default\">\n\t\t\t\t<div class=\"elementor-widget-container\">\n\t\t\t<style>.elementor-element-816dd50 .swiper-wrapper{--e-c-col:3}@media(max-width: 1730px){.elementor-element-816dd50 .swiper-wrapper{--e-c-col:3}}@media(max-width: 1279px){.elementor-element-816dd50 .swiper-wrapper{--e-c-col:3}}@media(max-width: 991px){.elementor-element-816dd50 .swiper-wrapper{--e-c-col:3}}@media(max-width: 767px){.elementor-element-816dd50 .swiper-wrapper{--e-c-col:1}}<\/style>\n<div class=\"lakit-bannerlist layout-type-overlay preset-default lakit-carousel\" data-item_selector=\".lakit-bannerlist__item\" data-slider_options=\"{&quot;slidesToScroll&quot;:{&quot;desktop&quot;:&quot;1&quot;,&quot;laptop&quot;:&quot;1&quot;,&quot;tablet&quot;:&quot;1&quot;,&quot;mobile_extra&quot;:&quot;1&quot;},&quot;rows&quot;:{&quot;desktop&quot;:&quot;1&quot;,&quot;laptop&quot;:&quot;1&quot;,&quot;tablet&quot;:&quot;1&quot;,&quot;mobile_extra&quot;:&quot;1&quot;},&quot;autoplaySpeed&quot;:5000,&quot;autoplay&quot;:false,&quot;infinite&quot;:true,&quot;centerMode&quot;:false,&quot;pauseOnHover&quot;:false,&quot;pauseOnInteraction&quot;:false,&quot;reverseDirection&quot;:false,&quot;infiniteEffect&quot;:false,&quot;speed&quot;:500,&quot;arrows&quot;:true,&quot;dots&quot;:false,&quot;variableWidth&quot;:false,&quot;prevArrow&quot;:&quot;.lakit-carousel__prev-arrow-816dd50&quot;,&quot;nextArrow&quot;:&quot;.lakit-carousel__next-arrow-816dd50&quot;,&quot;dotsElm&quot;:&quot;.lakit-carousel__dots_816dd50&quot;,&quot;rtl&quot;:false,&quot;effect&quot;:&quot;slide&quot;,&quot;coverflowEffect&quot;:{&quot;rotate&quot;:null,&quot;stretch&quot;:null,&quot;depth&quot;:null,&quot;modifier&quot;:null,&quot;scale&quot;:null},&quot;dotType&quot;:&quot;bullets&quot;,&quot;direction&quot;:&quot;horizontal&quot;,&quot;uniqueID&quot;:&quot;lakit_carousel_816dd50&quot;,&quot;asFor&quot;:&quot;&quot;,&quot;autoHeight&quot;:false,&quot;scrollbar&quot;:false,&quot;slidesToShow&quot;:{&quot;desktop&quot;:3,&quot;mobile&quot;:&quot;1&quot;,&quot;laptop&quot;:3,&quot;tablet&quot;:3,&quot;mobile_extra&quot;:3}}\" dir=\"ltr\" >\n    <div class=\"lakit-carousel-inner\">    <div class=\"lakit-bannerlist__list_wrapper swiper-container\" id=\"lakit_carousel_816dd50\">\n        <div class=\"lakit-bannerlist__list swiper-wrapper\">\n            <div class=\"elementor-repeater-item-ffc6973 lakit-bannerlist__item swiper-slide\"><div class=\"lakit-bannerlist__inner\"><div class=\"lakit-bannerlist__link\"><div class=\"lakit-bannerlist__image\"><img loading=\"lazy\" decoding=\"async\" src=\"https:\/\/silki-couture.fr\/wp-content\/uploads\/2024\/11\/pexels-shvetsa-4226595-scaled.jpg\" alt=\"\" loading=\"lazy\" class=\"lakit-bannerlist__image-instance\" width=\"1707\" height=\"2560\" style=\"--img-height:2560px\"><\/div><div class=\"lakit-bannerlist__content\"><div class=\"lakit-bannerlist__content-inner\"><div class=\"lakit-bannerlist__subtitle\" data-title=\"\u00c0 partir de 2h | 30 \u20ac sans les fournitures\">\u00c0 partir de 2h | 30 \u20ac sans les fournitures<\/div><h3 class=\"lakit-bannerlist__title\" data-title=\"Couture\">Couture<\/h3><div class=\"lakit-bannerlist__desc\">A l\u2019atelier venez d\u00e9couvrir la couture, prendre en main votre machine ou encore vous perfectionner en  r\u00e9alisant un projet de votre choix. Vous serez accompagn\u00e9 \u00e9tape par \u00e9tape pour r\u00e9aliser votre projet.\n\nLes cours sont r\u00e9alis\u00e9s par s\u00e9ances de 2 heures minimum et sont programm\u00e9s \u00e0 l\u2019avance sur RDV.<\/div><\/div><\/div><\/div><\/div><\/div><div class=\"elementor-repeater-item-b4e0faf lakit-bannerlist__item swiper-slide\"><div class=\"lakit-bannerlist__inner\"><div class=\"lakit-bannerlist__link\"><div class=\"lakit-bannerlist__image\"><img loading=\"lazy\" decoding=\"async\" src=\"https:\/\/silki-couture.fr\/wp-content\/uploads\/2024\/11\/7abb899c39a3595c9cf9039e58f96dcb.jpg\" alt=\"\" loading=\"lazy\" class=\"lakit-bannerlist__image-instance\" width=\"736\" height=\"1104\" style=\"--img-height:1104px\"><\/div><div class=\"lakit-bannerlist__content\"><div class=\"lakit-bannerlist__content-inner\"><div class=\"lakit-bannerlist__subtitle\" data-title=\"\u00c0 partir de 2h | 30 \u20ac sans les fournitures\">\u00c0 partir de 2h | 30 \u20ac sans les fournitures<\/div><h3 class=\"lakit-bannerlist__title\" data-title=\"Broderie\">Broderie<\/h3><div class=\"lakit-bannerlist__desc\">D\u00e9couvrez l\u2019art de la broderie, et les diff\u00e9rentes techniques.\n\nVous pourrez r\u00e9aliser le projet de votre choix, de nombreux mod\u00e8les sont disponibles \u00e0 l\u2019atelier.\n\nLes cours sont r\u00e9alis\u00e9s par s\u00e9ances de 2 heures minimum et sont programm\u00e9s \u00e0 l\u2019avance sur RDV.<\/div><\/div><\/div><\/div><\/div><\/div><div class=\"elementor-repeater-item-af1c15a lakit-bannerlist__item swiper-slide\"><div class=\"lakit-bannerlist__inner\"><div class=\"lakit-bannerlist__link\"><div class=\"lakit-bannerlist__image\"><img loading=\"lazy\" decoding=\"async\" src=\"https:\/\/silki-couture.fr\/wp-content\/uploads\/2024\/11\/14b2a358e537b6454c4f6b046069c8b3.jpg\" alt=\"\" loading=\"lazy\" class=\"lakit-bannerlist__image-instance\" width=\"736\" height=\"1104\" style=\"--img-height:1104px\"><\/div><div class=\"lakit-bannerlist__content\"><div class=\"lakit-bannerlist__content-inner\"><div class=\"lakit-bannerlist__subtitle\" data-title=\"\u00c0 partir de 2h | 30 \u20ac sans les fournitures\">\u00c0 partir de 2h | 30 \u20ac sans les fournitures<\/div><h3 class=\"lakit-bannerlist__title\" data-title=\"Tricot &amp; Crochet\">Tricot & Crochet<\/h3><div class=\"lakit-bannerlist__desc\">Vous souhaitez apprendre les bases du crochet ou du tricot, c\u2019est tr\u00e8s simple quelques conseils vous aideront \u00e0 bien d\u00e9marrer puis un suivi pourra \u00eatre assur\u00e9 \u00e0 l\u2019atelier en fonction de vos besoins.\n\nLes cours sont r\u00e9alis\u00e9s par s\u00e9ances de 2 heures minimum et sont programm\u00e9s \u00e0 l\u2019avance sur RDV.<\/div><\/div><\/div><\/div><\/div><\/div>        <\/div>\n    <\/div>\n    <\/div><div class=\"lakit-carousel__prev-arrow-816dd50 lakit-arrow prev-arrow\"><svg xmlns=\"http:\/\/www.w3.org\/2000\/svg\" width=\"1024\" height=\"1024\" viewBox=\"0 0 1024 1024\" class=\"lakit-font-icon-svg\"><use xlink:href=\"#dlicon___arrows_1_tail_triangle_left\"><\/use><\/svg><\/div><div class=\"lakit-carousel__next-arrow-816dd50 lakit-arrow next-arrow\"><svg xmlns=\"http:\/\/www.w3.org\/2000\/svg\" width=\"1024\" height=\"1024\" viewBox=\"0 0 1024 1024\" class=\"lakit-font-icon-svg\"><use xlink:href=\"#dlicon___arrows_1_tail_triangle_right\"><\/use><\/svg><\/div><\/div>\t\t<\/div>\n\t\t\t\t<\/div>\n\t\t\t\t<div class=\"elementor-element elementor-element-7a682e5 elementor-widget elementor-widget-heading\" data-id=\"7a682e5\" data-element_type=\"widget\" data-widget_type=\"heading.default\">\n\t\t\t\t<div class=\"elementor-widget-container\">\n\t\t\t<h2 class=\"elementor-heading-title elementor-size-default\">ateliers<\/h2>\t\t<\/div>\n\t\t\t\t<\/div>\n\t\t\t\t<div class=\"elementor-element elementor-element-33caeef elementor-invisible elementor-widget elementor-widget-text-editor\" data-id=\"33caeef\" data-element_type=\"widget\" data-settings=\"{&quot;_animation&quot;:&quot;fadeIn&quot;}\" data-widget_type=\"text-editor.default\">\n\t\t\t\t<div class=\"elementor-widget-container\">\n\t\t\t\t\t\t\t<p>Des petits ateliers pour cr\u00e9er en quelques heures, son premier ouvrage de couture<\/p>\t\t\t\t\t\t<\/div>\n\t\t\t\t<\/div>\n\t\t\t\t<div class=\"elementor-element elementor-element-cc7802b enable-c-height-true bannerlist--preset-default lakit-arrow--showonhover-no lakit-dots--vertical-no elementor-invisible elementor-widget lastudio-kit elementor-lakit-banner-list\" data-id=\"cc7802b\" data-element_type=\"widget\" data-settings=\"{&quot;_animation&quot;:&quot;fadeIn&quot;}\" data-widget_type=\"lakit-banner-list.default\">\n\t\t\t\t<div class=\"elementor-widget-container\">\n\t\t\t<style>.elementor-element-cc7802b .swiper-wrapper{--e-c-col:3}@media(max-width: 1730px){.elementor-element-cc7802b .swiper-wrapper{--e-c-col:3}}@media(max-width: 1279px){.elementor-element-cc7802b .swiper-wrapper{--e-c-col:3}}@media(max-width: 991px){.elementor-element-cc7802b .swiper-wrapper{--e-c-col:3}}@media(max-width: 767px){.elementor-element-cc7802b .swiper-wrapper{--e-c-col:1}}<\/style>\n<div class=\"lakit-bannerlist layout-type-overlay preset-default lakit-carousel\" data-item_selector=\".lakit-bannerlist__item\" data-slider_options=\"{&quot;slidesToScroll&quot;:{&quot;desktop&quot;:&quot;1&quot;,&quot;laptop&quot;:&quot;1&quot;,&quot;tablet&quot;:&quot;1&quot;,&quot;mobile_extra&quot;:&quot;1&quot;},&quot;rows&quot;:{&quot;desktop&quot;:&quot;1&quot;,&quot;laptop&quot;:&quot;1&quot;,&quot;tablet&quot;:&quot;1&quot;,&quot;mobile_extra&quot;:&quot;1&quot;},&quot;autoplaySpeed&quot;:5000,&quot;autoplay&quot;:false,&quot;infinite&quot;:true,&quot;centerMode&quot;:false,&quot;pauseOnHover&quot;:false,&quot;pauseOnInteraction&quot;:false,&quot;reverseDirection&quot;:false,&quot;infiniteEffect&quot;:false,&quot;speed&quot;:500,&quot;arrows&quot;:true,&quot;dots&quot;:false,&quot;variableWidth&quot;:false,&quot;prevArrow&quot;:&quot;.lakit-carousel__prev-arrow-cc7802b&quot;,&quot;nextArrow&quot;:&quot;.lakit-carousel__next-arrow-cc7802b&quot;,&quot;dotsElm&quot;:&quot;.lakit-carousel__dots_cc7802b&quot;,&quot;rtl&quot;:false,&quot;effect&quot;:&quot;slide&quot;,&quot;coverflowEffect&quot;:{&quot;rotate&quot;:null,&quot;stretch&quot;:null,&quot;depth&quot;:null,&quot;modifier&quot;:null,&quot;scale&quot;:null},&quot;dotType&quot;:&quot;bullets&quot;,&quot;direction&quot;:&quot;horizontal&quot;,&quot;uniqueID&quot;:&quot;lakit_carousel_cc7802b&quot;,&quot;asFor&quot;:&quot;&quot;,&quot;autoHeight&quot;:false,&quot;scrollbar&quot;:false,&quot;slidesToShow&quot;:{&quot;desktop&quot;:3,&quot;mobile&quot;:&quot;1&quot;,&quot;laptop&quot;:3,&quot;tablet&quot;:3,&quot;mobile_extra&quot;:3}}\" dir=\"ltr\" >\n    <div class=\"lakit-carousel-inner\">    <div class=\"lakit-bannerlist__list_wrapper swiper-container\" id=\"lakit_carousel_cc7802b\">\n        <div class=\"lakit-bannerlist__list swiper-wrapper\">\n            <div class=\"elementor-repeater-item-a197c53 lakit-bannerlist__item swiper-slide\"><div class=\"lakit-bannerlist__inner\"><div class=\"lakit-bannerlist__link\"><div class=\"lakit-bannerlist__image\"><img loading=\"lazy\" decoding=\"async\" src=\"https:\/\/silki-couture.fr\/wp-content\/uploads\/2024\/11\/398f8fba4a35b6b8de04f9c06388cb2f.jpg\" alt=\"\" loading=\"lazy\" class=\"lakit-bannerlist__image-instance\" width=\"360\" height=\"640\" style=\"--img-height:640px\"><\/div><div class=\"lakit-bannerlist__content\"><div class=\"lakit-bannerlist__content-inner\"><div class=\"lakit-bannerlist__subtitle\" data-title=\"3H | INTERM\u00c9DAIRE | 45\u20ac\">3H | INTERM\u00c9DAIRE | 45\u20ac<\/div><h3 class=\"lakit-bannerlist__title\" data-title=\"Sac Banane\">Sac Banane<\/h3><div class=\"lakit-bannerlist__desc\">R\u00e9alisez un sac banane en velour id\u00e9al pour partir en voyage \n\nVenez avec les fournitures de votre choix (tissus velour et doublure coton, fermeture, fil, sangle, boucle, thermocollant \u2026 (liste sur demande) ou choisissez parmi une selection de tissus \u00e0 l\u2019atelier (suppl\u00e9ment 10 \u20ac)<\/div><\/div><\/div><\/div><\/div><\/div><div class=\"elementor-repeater-item-e54b443 lakit-bannerlist__item swiper-slide\"><div class=\"lakit-bannerlist__inner\"><div class=\"lakit-bannerlist__link\"><div class=\"lakit-bannerlist__image\"><img loading=\"lazy\" decoding=\"async\" src=\"https:\/\/silki-couture.fr\/wp-content\/uploads\/2024\/11\/99c11e3f2a9c29d95d16b672230d8dc1.jpg\" alt=\"\" loading=\"lazy\" class=\"lakit-bannerlist__image-instance\" width=\"736\" height=\"736\" style=\"--img-height:736px\"><\/div><div class=\"lakit-bannerlist__content\"><div class=\"lakit-bannerlist__content-inner\"><div class=\"lakit-bannerlist__subtitle\" data-title=\"3H | D\u00c9BUTANT | 45\u20ac\">3H | D\u00c9BUTANT | 45\u20ac<\/div><h3 class=\"lakit-bannerlist__title\" data-title=\"Trousse de Toilette\">Trousse de Toilette<\/h3><div class=\"lakit-bannerlist__desc\">R\u00e9alisez votre premi\u00e8re petite trousse de toilette avec la pause d\u2019une fermeture zip\u00e9e.\n\nVenez avec les fournitures de votre choix (tissus, fermeture, molleton, fil\u2026(liste sur demande) ou choisissez parmi une selection de tissus \u00e0 l\u2019atelier (suppl\u00e9ment 5 \u20ac)<\/div><\/div><\/div><\/div><\/div><\/div>        <\/div>\n    <\/div>\n    <\/div><div class=\"lakit-carousel__prev-arrow-cc7802b lakit-arrow prev-arrow\"><svg xmlns=\"http:\/\/www.w3.org\/2000\/svg\" width=\"1024\" height=\"1024\" viewBox=\"0 0 1024 1024\" class=\"lakit-font-icon-svg\"><use xlink:href=\"#dlicon___arrows_1_tail_triangle_left\"><\/use><\/svg><\/div><div class=\"lakit-carousel__next-arrow-cc7802b lakit-arrow next-arrow\"><svg xmlns=\"http:\/\/www.w3.org\/2000\/svg\" width=\"1024\" height=\"1024\" viewBox=\"0 0 1024 1024\" class=\"lakit-font-icon-svg\"><use xlink:href=\"#dlicon___arrows_1_tail_triangle_right\"><\/use><\/svg><\/div><\/div>\t\t<\/div>\n\t\t\t\t<\/div>\n\t\t\t\t\t<\/div>\n\t\t\t\t<\/div>\n\t\t\t\t<\/div>\n\t\t","protected":false},"excerpt":{"rendered":"<p>cours Pour les particuliers, avec vos enfants ou en petit groupe, des cours qui s\u2019adaptent \u00e0 chacun d\u2019entre vous \u00c0 partir de 2h | 30 \u20ac sans les fournitures Couture A l\u2019atelier venez d\u00e9couvrir la couture, prendre en main votre machine ou encore vous perfectionner en r\u00e9alisant un projet de votre&hellip;<\/p>\n","protected":false},"author":1,"featured_media":0,"parent":0,"menu_order":0,"comment_status":"closed","ping_status":"closed","template":"","meta":{"footnotes":""},"class_list":["post-297","page","type-page","status-publish","hentry"],"_links":{"self":[{"href":"https:\/\/silki-couture.fr\/index.php\/wp-json\/wp\/v2\/pages\/297","targetHints":{"allow":["GET"]}}],"collection":[{"href":"https:\/\/silki-couture.fr\/index.php\/wp-json\/wp\/v2\/pages"}],"about":[{"href":"https:\/\/silki-couture.fr\/index.php\/wp-json\/wp\/v2\/types\/page"}],"author":[{"embeddable":true,"href":"https:\/\/silki-couture.fr\/index.php\/wp-json\/wp\/v2\/users\/1"}],"replies":[{"embeddable":true,"href":"https:\/\/silki-couture.fr\/index.php\/wp-json\/wp\/v2\/comments?post=297"}],"version-history":[{"count":44,"href":"https:\/\/silki-couture.fr\/index.php\/wp-json\/wp\/v2\/pages\/297\/revisions"}],"predecessor-version":[{"id":4658,"href":"https:\/\/silki-couture.fr\/index.php\/wp-json\/wp\/v2\/pages\/297\/revisions\/4658"}],"wp:attachment":[{"href":"https:\/\/silki-couture.fr\/index.php\/wp-json\/wp\/v2\/media?parent=297"}],"curies":[{"name":"wp","href":"https:\/\/api.w.org\/{rel}","templated":true}]}}